{"id":65,"date":"2014-11-12T20:42:04","date_gmt":"2014-11-12T19:42:04","guid":{"rendered":"http:\/\/www.textual.nl\/wordpress\/?page_id=65"},"modified":"2025-07-16T00:48:42","modified_gmt":"2025-07-15T22:48:42","slug":"welkom-2","status":"publish","type":"page","link":"https:\/\/www.textual.nl\/de\/","title":{"rendered":"willkommen"},"content":{"rendered":"<p>textual\u2026<img loading=\"lazy\" decoding=\"async\" class=\"alignright wp-image-569 size-medium\" src=\"https:\/\/www.textual.nl\/wordpress\/wp-content\/uploads\/1502-Koert_51511-300x450.jpg\" alt=\"\" width=\"300\" height=\"450\" srcset=\"https:\/\/www.textual.nl\/wordpress\/wp-content\/uploads\/1502-Koert_51511-300x450.jpg 300w, https:\/\/www.textual.nl\/wordpress\/wp-content\/uploads\/1502-Koert_51511-640x960.jpg 640w, https:\/\/www.textual.nl\/wordpress\/wp-content\/uploads\/1502-Koert_51511.jpg 2048w\" sizes=\"auto, (max-width: 300px) 100vw, 300px\" \/><\/p>\n<ul>\n<li>ist die \u00dcbersetzungsagentur von Koert Braches, einem fachlich <a href=\"https:\/\/www.textual.nl\/de\/kompetent\/\">kompetenten<\/a> \u00dcbersetzer mit \u00fcber 25-j\u00e4hriger Erfahrung.<\/li>\n<li>ist eine <a href=\"https:\/\/www.textual.nl\/de\/vielseitig\/\">vielseitige<\/a> \u00dcbersetzungsagentur mit einem breit gef\u00e4cherten Portfolio.<\/li>\n<li>ist sehr\u00a0<a href=\"https:\/\/www.textual.nl\/de\/engagiert\/\">engagiert<\/a> in Bezug auf Ihre W\u00fcnsche und setzt ihre Texte stil- und terminologiesicher um.<\/li>\n<li>ist ein <a href=\"https:\/\/www.textual.nl\/de\/nachhaltig\/\">nachhaltiges<\/a> Unternehmen.<\/li>\n<\/ul>\n<p>&nbsp;<\/p>\n","protected":false},"excerpt":{"rendered":"<p>textual\u2026 ist die \u00dcbersetzungsagentur von Koert Braches, einem fachlich kompetenten \u00dcbersetzer mit \u00fcber 25-j\u00e4hriger Erfahrung. ist eine vielseitige \u00dcbersetzungsagentur mit einem breit gef\u00e4cherten Portfolio. ist sehr\u00a0engagiert in Bezug auf Ihre W\u00fcnsche und setzt ihre Texte stil- und terminologiesicher um. ist ein nachhaltiges Unternehmen. &nbsp;<\/p>\n","protected":false},"author":1,"featured_media":0,"parent":0,"menu_order":0,"comment_status":"closed","ping_status":"closed","template":"","meta":{"footnotes":""},"class_list":["post-65","page","type-page","status-publish","hentry"],"_links":{"self":[{"href":"https:\/\/www.textual.nl\/de\/wp-json\/wp\/v2\/pages\/65","targetHints":{"allow":["GET"]}}],"collection":[{"href":"https:\/\/www.textual.nl\/de\/wp-json\/wp\/v2\/pages"}],"about":[{"href":"https:\/\/www.textual.nl\/de\/wp-json\/wp\/v2\/types\/page"}],"author":[{"embeddable":true,"href":"https:\/\/www.textual.nl\/de\/wp-json\/wp\/v2\/users\/1"}],"replies":[{"embeddable":true,"href":"https:\/\/www.textual.nl\/de\/wp-json\/wp\/v2\/comments?post=65"}],"version-history":[{"count":13,"href":"https:\/\/www.textual.nl\/de\/wp-json\/wp\/v2\/pages\/65\/revisions"}],"predecessor-version":[{"id":716,"href":"https:\/\/www.textual.nl\/de\/wp-json\/wp\/v2\/pages\/65\/revisions\/716"}],"wp:attachment":[{"href":"https:\/\/www.textual.nl\/de\/wp-json\/wp\/v2\/media?parent=65"}],"curies":[{"name":"wp","href":"https:\/\/api.w.org\/{rel}","templated":true}]}}